{"id":2076,"date":"2023-11-11T07:33:47","date_gmt":"2023-11-11T06:33:47","guid":{"rendered":"https:\/\/www.graphslinger.com\/uber\/"},"modified":"2025-04-19T16:42:51","modified_gmt":"2025-04-19T14:42:51","slug":"about","status":"publish","type":"page","link":"https:\/\/www.graphslinger.com\/de\/about\/","title":{"rendered":"About"},"content":{"rendered":"<div class=\"wpb-content-wrapper\"><p>[vc_row full_width=&#8220;stretch_row&#8220; disable_element=&#8220;yes&#8220; css=&#8220;.vc_custom_1718889374296{border-bottom-width: 1px !important;padding-top: 80px !important;border-bottom-style: solid !important;border-color: rgba(0,0,0,0.1) !important;}&#8220;][vc_column width=&#8220;2\/3&#8243;][vc_custom_heading text=&#8220;About&#8220; font_container=&#8220;tag:h1|text_align:left&#8220; use_theme_fonts=&#8220;yes&#8220;][vc_column_text]Lorem ipsum dolor sit amet consectetur. Aliquam in risus duis vitae et in tortor fringilla. Consequat ac neque justo a at ullamcorper id nec. Tincidunt elit quis posuere felis dignissim velit. Nunc velit neque sed massa pellentesque bibendum sed as diam sed tincidunt tristique. Risus et lectus magna urna vitae. Sed integer venenatis at interdum sit tortor sit scelerisque malesuada. Venenatis placerat elementum amet aliquam elementum mattis lacus nisl elit.[\/vc_column_text][vc_row_inner disable_element=&#8220;yes&#8220;][vc_column_inner width=&#8220;1\/6&#8243;][vc_column_text font_color=&#8220;#000000&#8243;]<strong>Client:<\/strong> Asabia[\/vc_column_text][\/vc_column_inner][vc_column_inner width=&#8220;1\/6&#8243;][vc_column_text font_color=&#8220;#000000&#8243;]<strong>Location:<\/strong> Italy[\/vc_column_text][\/vc_column_inner][vc_column_inner width=&#8220;1\/3&#8243;][vc_column_text font_color=&#8220;#000000&#8243;]<strong>Category:<\/strong> Artificial, Remodel[\/vc_column_text][\/vc_column_inner][vc_column_inner width=&#8220;1\/3&#8243;][vc_column_text font_color=&#8220;#000000&#8243;]<strong>Tags:<\/strong> Au\u00dfenbereich, Renderings, Neu[\/vc_column_text][\/vc_column_inner][\/vc_row_inner][\/vc_column][vc_column width=&#8220;1\/3&#8243;][\/vc_column][\/vc_row][vc_row full_width=&#8220;stretch_row&#8220; min_height=&#8220;70&#8243; min_height_units=&#8220;vh&#8220; content_placement=&#8220;middle&#8220; css=&#8220;.vc_custom_1719249328912{padding-top: 80px !important;padding-right: 80px !important;padding-bottom: 80px !important;padding-left: 80px !important;background: rgba(58,58,58,0.8) url(https:\/\/www.graphslinger.com\/wp-content\/uploads\/2024\/06\/Buro23-1-Compressed-scaled.jpg?id=1989) !important;background-position: center !important;background-repeat: no-repeat !important;background-size: cover !important;*background-color: rgb(58,58,58) !important;}&#8220; overlay=&#8220;rgba(10,10,10,0.6)&#8220;][vc_column][vc_custom_heading text=&#8220;About Us&#8220; font_container=&#8220;tag:h2|font_size:80px|text_align:center|color:%23ffffff|line_height:normal&#8220; text_resize=&#8220;yes&#8220; text_minimum=&#8220;30&#8243; google_fonts=&#8220;font_family:Fira%20Sans%3A300%2C300italic%2C400%2C400italic%2C500%2C500italic%2C700%2C700italic|font_style:700%20bold%20regular%3A700%3Anormal&#8220; css_animation=&#8220;fadeIn&#8220; delay=&#8220;300&#8243; css=&#8220;.vc_custom_1718952934941{margin-bottom: 8px !important;}&#8220;][\/vc_column][\/vc_row][vc_row gap=&#8220;35&#8243; css=&#8220;.vc_custom_1692125560232{padding-top: 80px !important;padding-bottom: 80px !important;}&#8220;][vc_column width=&#8220;1\/2&#8243;][vc_custom_heading text=&#8220;Claas H. Blaeubaum<br \/>\nGr\u00fcnder, Kreativdirektor, Architekt&#8220; font_container=&#8220;tag:h2|font_size:46|text_align:left&#8220; google_fonts=&#8220;font_family:Fira%20Sans%3A300%2C300italic%2C400%2C400italic%2C500%2C500italic%2C700%2C700italic|font_style:700%20bold%20regular%3A700%3Anormal&#8220; css=&#8220;&#8220;][vc_column_text css=&#8220;&#8220;]Claas arbeitet seit 2010 als Architekt und hat neben anderen Spezialisierungen eine Leidenschaft f\u00fcr die Visualisierung von Architektur entwickelt. Seine Leidenschaft f\u00fcr die Visualisierung von Architektur entwickelte er bereits w\u00e4hrend seines Studiums.<\/p>\n<p>Der Wunsch, ein Unternehmen zu gr\u00fcnden, das sich ausschlie\u00dflich der Visualisierung widmet, f\u00fchrte im Jahr 2023 zur Gr\u00fcndung von Graphslinger mit Sitz in Jackson, Wyoming.<\/p>\n<p>Seine Vision f\u00fcr das Unternehmen ist es, die Idee hinter jedem architektonischen Projekt in gro\u00dfartigen Bildern zu vermitteln und dabei die Sch\u00f6nheit zu betonen.<\/p>\n<p>Claas ist verheiratet und stolzer Vater von drei Kindern. Seine Freizeit verbringt er am liebsten mit seiner Familie und seinem Hund auf langen Wanderungen in der freien Natur.[\/vc_column_text][cesis_button button_text=&#8220;Connect&#8220; link=&#8220;https:\/\/www.graphslinger.com\/connect\/&#8220; button_size=&#8220;cesis_button_custom&#8220; button_width=&#8220;185px&#8220; button_height=&#8220;58px&#8220; button_border=&#8220;1&#8243; button_radius=&#8220;40&#8243; use_icon=&#8220;yes&#8220; icon_pos=&#8220;cesis_button_icon_right&#8220; button_text_color=&#8220;#000000&#8243; button_bg_color=&#8220;rgba(0,0,0,0.01)&#8220; button_border_color=&#8220;#000000&#8243; h_button_bg_color=&#8220;#4f4f4f&#8220; button_f_size=&#8220;17px&#8220; button_f_weight=&#8220;900&#8243; button_t_transform=&#8220;none&#8220; icon=&#8220;fa-arrow-right2&#8243;][\/vc_column][vc_column width=&#8220;1\/2&#8243;][vc_single_image image=&#8220;2944&#8243; img_size=&#8220;full&#8220; css_animation=&#8220;fadeIn&#8220; css=&#8220;&#8220;][\/vc_column][\/vc_row][vc_row gap=&#8220;35&#8243; css=&#8220;.vc_custom_1692125560232{padding-top: 80px !important;padding-bottom: 80px !important;}&#8220;][vc_column width=&#8220;1\/2&#8243;][vc_single_image image=&#8220;2342&#8243; img_size=&#8220;full&#8220; css_animation=&#8220;fadeIn&#8220; css=&#8220;&#8220;][\/vc_column][vc_column width=&#8220;1\/2&#8243;][vc_custom_heading text=&#8220;Jozsef Perjesi<br \/>\n3D-Modellierung, Rendering&#8220; font_container=&#8220;tag:h2|font_size:46|text_align:left&#8220; google_fonts=&#8220;font_family:Fira%20Sans%3A300%2C300italic%2C400%2C400italic%2C500%2C500italic%2C700%2C700italic|font_style:700%20bold%20regular%3A700%3Anormal&#8220; css=&#8220;&#8220;][vc_column_text css=&#8220;&#8220;]Seit seinem Abschluss in Architektur im Jahr 2018 hat Jozsef in verschiedenen Architektur- und Innenarchitekturb\u00fcros gearbeitet.<\/p>\n<p>Die Modellierung von 3D-Objekten und -Szenen ist seit Beginn seiner Karriere seine Leidenschaft, f\u00fcr die er sich verschiedene Programme und Techniken angeeignet hat.<\/p>\n<p>Anfang 2024 kam er zu Graphslinger, um seine Leidenschaft f\u00fcr Visualisierung weiter zu entwickeln und zu perfektionieren.<\/p>\n<p>Jozsef ist seit M\u00e4rz 2024 auch stolzer Vater einer Tochter. In seiner Freizeit zieht es ihn ans Wasser. Ob Angeln, SUP oder Schwimmen, Wasser ist sein Element.[\/vc_column_text][cesis_button button_text=&#8220;Connect&#8220; link=&#8220;https:\/\/www.graphslinger.com\/connect\/&#8220; button_size=&#8220;cesis_button_custom&#8220; button_width=&#8220;185px&#8220; button_height=&#8220;58px&#8220; button_border=&#8220;1&#8243; button_radius=&#8220;40&#8243; use_icon=&#8220;yes&#8220; icon_pos=&#8220;cesis_button_icon_right&#8220; button_text_color=&#8220;#000000&#8243; button_bg_color=&#8220;rgba(0,0,0,0.01)&#8220; button_border_color=&#8220;#000000&#8243; h_button_bg_color=&#8220;#4f4f4f&#8220; button_f_size=&#8220;17px&#8220; button_f_weight=&#8220;900&#8243; button_t_transform=&#8220;none&#8220; icon=&#8220;fa-arrow-right2&#8243;][\/vc_column][\/vc_row][vc_row gap=&#8220;35&#8243; css=&#8220;.vc_custom_1692125560232{padding-top: 80px !important;padding-bottom: 80px !important;}&#8220;][vc_column width=&#8220;1\/2&#8243;][vc_custom_heading text=&#8220;Suchen Sie eine<br \/>\nneue Herausforderung?&#8220; font_container=&#8220;tag:h2|font_size:46|text_align:left&#8220; google_fonts=&#8220;font_family:Fira%20Sans%3A300%2C300italic%2C400%2C400italic%2C500%2C500italic%2C700%2C700italic|font_style:700%20bold%20regular%3A700%3Anormal&#8220; css=&#8220;&#8220;][vc_column_text css=&#8220;&#8220;]Werden Sie Teil unseres Teams und senden Sie Ihre Initiativbewerbung an: <a href=\"mailto:hello@graphslinger.com\">hello@graphslinger.com<\/a>[\/vc_column_text][cesis_button button_text=&#8220;Connect&#8220; link=&#8220;https:\/\/www.graphslinger.com\/connect\/&#8220; button_size=&#8220;cesis_button_custom&#8220; button_width=&#8220;185px&#8220; button_height=&#8220;58px&#8220; button_border=&#8220;1&#8243; button_radius=&#8220;40&#8243; use_icon=&#8220;yes&#8220; icon_pos=&#8220;cesis_button_icon_right&#8220; button_text_color=&#8220;#000000&#8243; button_bg_color=&#8220;rgba(0,0,0,0.01)&#8220; button_border_color=&#8220;#000000&#8243; h_button_bg_color=&#8220;#4f4f4f&#8220; button_f_size=&#8220;17px&#8220; button_f_weight=&#8220;900&#8243; button_t_transform=&#8220;none&#8220; icon=&#8220;fa-arrow-right2&#8243;][\/vc_column][vc_column width=&#8220;1\/2&#8243;][vc_single_image image=&#8220;2030&#8243; img_size=&#8220;full&#8220; css_animation=&#8220;fadeIn&#8220; css=&#8220;&#8220;][\/vc_column][\/vc_row][vc_row full_width=&#8220;stretch_row&#8220; css=&#8220;.vc_custom_1696429542331{border-top-width: 1px !important;padding-top: 65px !important;border-top-color: rgba(0,0,0,0.1) !important;border-top-style: solid !important;}&#8220;][vc_column][vc_custom_heading text=&#8220;Contact Us&#8220; font_container=&#8220;tag:h2|font_size:46|text_align:center&#8220; google_fonts=&#8220;font_family:Fira%20Sans%3A300%2C300italic%2C400%2C400italic%2C500%2C500italic%2C700%2C700italic|font_style:700%20bold%20regular%3A700%3Anormal&#8220;][vc_column_text]\n<div class=\"wpcf7 no-js\" id=\"wpcf7-f940-o1\" lang=\"de-DE\" dir=\"ltr\" data-wpcf7-id=\"940\">\n<div class=\"screen-reader-response\"><p role=\"status\" aria-live=\"polite\" aria-atomic=\"true\"><\/p> <ul><\/ul><\/div>\n<form action=\"\/de\/wp-json\/wp\/v2\/pages\/2076#wpcf7-f940-o1\" method=\"post\" class=\"wpcf7-form init\" aria-label=\"Kontaktformular\" enctype=\"multipart\/form-data\" novalidate=\"novalidate\" data-status=\"init\">\n<fieldset class=\"hidden-fields-container\"><input type=\"hidden\" name=\"_wpcf7\" value=\"940\" \/><input type=\"hidden\" name=\"_wpcf7_version\" value=\"6.1.5\" \/><input type=\"hidden\" name=\"_wpcf7_locale\" value=\"de_DE\" \/><input type=\"hidden\" name=\"_wpcf7_unit_tag\" value=\"wpcf7-f940-o1\" \/><input type=\"hidden\" name=\"_wpcf7_container_post\" value=\"0\" \/><input type=\"hidden\" name=\"_wpcf7_posted_data_hash\" value=\"\" \/>\n<\/fieldset>\n<div class=\"wpb-content-wrapper\">\n\t<div class=\"vc_row wpb_row vc_row-fluid\" style=\"padding-bottom: 17px;\">\n\t\t<div class=\"wpb_column vc_column_container vc_col-sm-6\">\n\t\t\t<div class=\"vc_column-inner\">\n\t\t\t\t<p><span id=\"wpcf7-69e0dd5941dca-wrapper\" class=\"wpcf7-form-control-wrap email-131-wrap\" style=\"display:none !important; visibility:hidden !important;\"><label for=\"wpcf7-69e0dd5941dca-field\" class=\"hp-message\">Bitte lasse dieses Feld leer.<\/label><input id=\"wpcf7-69e0dd5941dca-field\"  class=\"wpcf7-form-control wpcf7-text\" type=\"text\" name=\"email-131\" value=\"\" size=\"40\" tabindex=\"-1\" autocomplete=\"new-password\" \/><\/span><span class=\"wpcf7-form-control-wrap\" data-name=\"your-company\"><input size=\"40\" maxlength=\"400\" class=\"wpcf7-form-control wpcf7-text wpcf7-validates-as-required\" autocomplete=\"company\" aria-required=\"true\" aria-invalid=\"false\" placeholder=\"Company\" value=\"\" type=\"text\" name=\"your-company\" \/><\/span>\n\t\t\t\t<\/p>\n\t\t\t<\/div>\n\t\t<\/div>\n\t\t<div class=\"wpb_column vc_column_container vc_col-sm-6\">\n\t\t\t<div class=\"vc_column-inner\">\n\t\t\t\t<p><span class=\"wpcf7-form-control-wrap\" data-name=\"your-phone\"><input size=\"40\" maxlength=\"400\" class=\"wpcf7-form-control wpcf7-text\" autocomplete=\"name\" aria-invalid=\"false\" placeholder=\"Phone\" value=\"\" type=\"text\" name=\"your-phone\" \/><\/span>\n\t\t\t\t<\/p>\n\t\t\t<\/div>\n\t\t<\/div>\n\t<\/div>\n\t<div class=\"vc_row wpb_row vc_row-fluid\" style=\"padding-bottom: 17px;\">\n\t\t<div class=\"wpb_column vc_column_container vc_col-sm-6\">\n\t\t\t<div class=\"vc_column-inner\">\n\t\t\t\t<p><span class=\"wpcf7-form-control-wrap\" data-name=\"your-name\"><input size=\"40\" maxlength=\"400\" class=\"wpcf7-form-control wpcf7-text wpcf7-validates-as-required\" autocomplete=\"name\" aria-required=\"true\" aria-invalid=\"false\" placeholder=\"Name\" value=\"\" type=\"text\" name=\"your-name\" \/><\/span>\n\t\t\t\t<\/p>\n\t\t\t<\/div>\n\t\t<\/div>\n\t\t<div class=\"wpb_column vc_column_container vc_col-sm-6\">\n\t\t\t<div class=\"vc_column-inner\">\n\t\t\t\t<p><span class=\"wpcf7-form-control-wrap\" data-name=\"your-email\"><input size=\"40\" maxlength=\"400\" class=\"wpcf7-form-control wpcf7-email wpcf7-validates-as-required wpcf7-text wpcf7-validates-as-email\" autocomplete=\"email\" aria-required=\"true\" aria-invalid=\"false\" placeholder=\"Email\" value=\"\" type=\"email\" name=\"your-email\" \/><\/span>\n\t\t\t\t<\/p>\n\t\t\t<\/div>\n\t\t<\/div>\n\t<\/div>\n\t<div class=\"vc_row wpb_row vc_row-fluid\" style=\"padding-bottom: 17px;\">\n\t\t<div class=\"wpb_column vc_column_container vc_col-sm-6\">\n\t\t\t<div class=\"vc_column-inner\">\n\t\t\t\t<p><span class=\"wpcf7-form-control-wrap\" data-name=\"file-525\"><input size=\"40\" class=\"wpcf7-form-control wpcf7-file\" accept=\"audio\/*,video\/*,image\/*\" aria-invalid=\"false\" type=\"file\" name=\"file-525\" \/><\/span>\n\t\t\t\t<\/p>\n\t\t\t<\/div>\n\t\t<\/div>\n\t\t<div class=\"wpb_column vc_column_container vc_col-sm-6\">\n\t\t\t<div class=\"vc_column-inner\">\n\t\t\t\t<p><span class=\"wpcf7-form-control-wrap\" data-name=\"your-email-confirm\"><input size=\"40\" maxlength=\"400\" class=\"wpcf7-form-control wpcf7-text wpcf7-validates-as-required\" autocomplete=\"email\" aria-required=\"true\" aria-invalid=\"false\" placeholder=\"Confirm Email\" value=\"\" type=\"text\" name=\"your-email-confirm\" \/><\/span>\n\t\t\t\t<\/p>\n\t\t\t<\/div>\n\t\t<\/div>\n\t<\/div>\n\t<p><span class=\"wpcf7-form-control-wrap\" data-name=\"your-message\"><textarea cols=\"40\" rows=\"10\" maxlength=\"2000\" class=\"wpcf7-form-control wpcf7-textarea\" aria-invalid=\"false\" placeholder=\"Message\" name=\"your-message\"><\/textarea><\/span>\n\t<\/p>\n\t<div class=\"vc_row wpb_row vc_row-fluid\" style=\"padding-bottom: 17px;\">\n\t\t<div class=\"wpb_column vc_column_container vc_col-sm-12\">\n\t\t\t<div class=\"vc_column-inner\">\n\t\t\t\t<p><input class=\"wpcf7-form-control wpcf7-submit has-spinner\" type=\"submit\" value=\"Submit\" \/>\n\t\t\t\t<\/p>\n\t\t\t<\/div>\n\t\t<\/div>\n\t<\/div>\n<\/div><div class=\"wpcf7-response-output\" aria-hidden=\"true\"><\/div>\n<\/form>\n<\/div>\n[\/vc_column_text][\/vc_column][\/vc_row][vc_section][\/vc_section]<\/p>\n<\/div>","protected":false},"excerpt":{"rendered":"<p>[vc_row full_width=&#8220;stretch_row&#8220; disable_element=&#8220;yes&#8220; css=&#8220;.vc_custom_1718889374296{border-bottom-width: 1px !important;padding-top: 80px !important;border-bottom-style: solid !important;border-color: rgba(0,0,0,0.1) !important;}&#8220;][vc_column width=&#8220;2\/3&#8243;][vc_custom_heading text=&#8220;About&#8220; font_container=&#8220;tag:h1|text_align:left&#8220; use_theme_fonts=&#8220;yes&#8220;][vc_column_text]Lorem ipsum dolor sit amet consectetur. Aliquam in risus duis vitae et in tortor fringilla. Consequat ac neque justo a at ullamcorper id nec. Tincidunt elit quis posuere felis dignissim velit. Nunc velit neque sed massa pellentesque bibendum sed as [&hellip;]<\/p>\n","protected":false},"author":1,"featured_media":0,"parent":0,"menu_order":0,"comment_status":"closed","ping_status":"closed","template":"","meta":{"footnotes":""},"class_list":["post-2076","page","type-page","status-publish","hentry"],"_links":{"self":[{"href":"https:\/\/www.graphslinger.com\/de\/wp-json\/wp\/v2\/pages\/2076","targetHints":{"allow":["GET"]}}],"collection":[{"href":"https:\/\/www.graphslinger.com\/de\/wp-json\/wp\/v2\/pages"}],"about":[{"href":"https:\/\/www.graphslinger.com\/de\/wp-json\/wp\/v2\/types\/page"}],"author":[{"embeddable":true,"href":"https:\/\/www.graphslinger.com\/de\/wp-json\/wp\/v2\/users\/1"}],"replies":[{"embeddable":true,"href":"https:\/\/www.graphslinger.com\/de\/wp-json\/wp\/v2\/comments?post=2076"}],"version-history":[{"count":29,"href":"https:\/\/www.graphslinger.com\/de\/wp-json\/wp\/v2\/pages\/2076\/revisions"}],"predecessor-version":[{"id":2951,"href":"https:\/\/www.graphslinger.com\/de\/wp-json\/wp\/v2\/pages\/2076\/revisions\/2951"}],"wp:attachment":[{"href":"https:\/\/www.graphslinger.com\/de\/wp-json\/wp\/v2\/media?parent=2076"}],"curies":[{"name":"wp","href":"https:\/\/api.w.org\/{rel}","templated":true}]}}