{"id":1597,"date":"2023-07-01T15:22:27","date_gmt":"2023-07-01T13:22:27","guid":{"rendered":"https:\/\/www.graphslinger.com\/prozess\/"},"modified":"2025-01-11T18:34:00","modified_gmt":"2025-01-11T17:34:00","slug":"process","status":"publish","type":"page","link":"https:\/\/www.graphslinger.com\/de\/process\/","title":{"rendered":"Process"},"content":{"rendered":"<div class=\"wpb-content-wrapper\"><p>[vc_row full_width=&#8220;stretch_row&#8220; css=&#8220;.vc_custom_1697209014920{border-bottom-width: 1px !important;padding-top: 80px !important;border-bottom-color: rgba(0,0,0,0.1) !important;border-bottom-style: solid !important;}&#8220;][vc_column width=&#8220;2\/3&#8243;][vc_custom_heading text=&#8220;Our Process&#8220; font_container=&#8220;tag:h1|text_align:left&#8220; use_theme_fonts=&#8220;yes&#8220;][vc_column_text]<\/p>\n<p style=\"text-align: left;\">Bei Graphslinger glauben wir an einen kooperativen Ansatz, um Ihre Designkonzepte zum Leben zu erwecken. Unser Prozess beginnt mit einem ausf\u00fchrlichen Gespr\u00e4ch, um Ihre Visionen und Ziele wirklich zu verstehen. Anschlie\u00dfend pr\u00fcfen wir die eingereichten Dateien sorgf\u00e4ltig und beginnen mit der akribischen 3D-Modellierung Ihres Projekts.<\/p>\n<p style=\"text-align: left;\">Sobald wir die ersten Bilder f\u00fcr Ihre \u00dcberpr\u00fcfung fertig haben, geben wir Ihnen die M\u00f6glichkeit, uns Feedback zu geben und die notwendigen Anpassungen vorzunehmen. Transparenz und offene Kommunikation sind f\u00fcr uns von gr\u00f6\u00dfter Bedeutung, weshalb wir Ihren Beitrag in jeder Phase des Prozesses begr\u00fc\u00dfen.<\/p>\n<p style=\"text-align: left;\">Unser Team arbeitet sorgf\u00e4ltig, um die Bilder zu Ihrer Zufriedenheit fertig zu stellen und sie umgehend zu liefern. W\u00e4hrend des gesamten Prozesses bieten wir Ihnen die M\u00f6glichkeit, \u00c4nderungen in Echtzeit vorzunehmen, um sicherzustellen, dass das Endergebnis Ihre Vorstellungen perfekt widerspiegelt.<\/p>\n<p>[\/vc_column_text][vc_row_inner disable_element=&#8220;yes&#8220;][vc_column_inner width=&#8220;1\/6&#8243;][vc_column_text font_color=&#8220;#000000&#8243;]<strong>Client:<\/strong> Asabia[\/vc_column_text][\/vc_column_inner][vc_column_inner width=&#8220;1\/6&#8243;][vc_column_text font_color=&#8220;#000000&#8243;]<strong>Location:<\/strong> Italy[\/vc_column_text][\/vc_column_inner][vc_column_inner width=&#8220;1\/3&#8243;][vc_column_text font_color=&#8220;#000000&#8243;]<strong>Category:<\/strong> Artificial, Remodel[\/vc_column_text][\/vc_column_inner][vc_column_inner width=&#8220;1\/3&#8243;][vc_column_text font_color=&#8220;#000000&#8243;]<strong>Tags:<\/strong> Au\u00dfenbereich, Renderings, Neu[\/vc_column_text][\/vc_column_inner][\/vc_row_inner][\/vc_column][vc_column width=&#8220;1\/3&#8243;][\/vc_column][\/vc_row][vc_row full_width=&#8220;stretch_row&#8220; min_height=&#8220;70&#8243; min_height_units=&#8220;vh&#8220; content_placement=&#8220;middle&#8220; disable_element=&#8220;yes&#8220; css=&#8220;.vc_custom_1692887703849{padding-top: 80px !important;padding-right: 80px !important;padding-bottom: 80px !important;padding-left: 80px !important;background: #3a3a3a url(https:\/\/www.graphslinger.com\/wp-content\/uploads\/2023\/07\/iskellergr-2.jpg?id=357) !important;}&#8220; overlay=&#8220;rgba(10,10,10,0.6)&#8220;][vc_column][vc_custom_heading text=&#8220;The Process&#8220; font_container=&#8220;tag:h2|font_size:80px|text_align:center|color:%23ffffff|line_height:normal&#8220; text_resize=&#8220;yes&#8220; text_minimum=&#8220;30&#8243; google_fonts=&#8220;font_family:Fira%20Sans%3A300%2C300italic%2C400%2C400italic%2C500%2C500italic%2C700%2C700italic|font_style:700%20bold%20regular%3A700%3Anormal&#8220; css_animation=&#8220;fadeIn&#8220; delay=&#8220;300&#8243; css=&#8220;.vc_custom_1691505186586{margin-bottom: 8px !important;}&#8220;][\/vc_column][\/vc_row][vc_row gap=&#8220;35&#8243; css=&#8220;.vc_custom_1692125560232{padding-top: 80px !important;padding-bottom: 80px !important;}&#8220;][vc_column width=&#8220;1\/2&#8243;][vc_custom_heading text=&#8220;Unsere Bilder verwandeln Tr\u00e4ume in virtuelle Realit\u00e4t&#8220; font_container=&#8220;tag:h2|font_size:46|text_align:left&#8220; google_fonts=&#8220;font_family:Fira%20Sans%3A300%2C300italic%2C400%2C400italic%2C500%2C500italic%2C700%2C700italic|font_style:700%20bold%20regular%3A700%3Anormal&#8220; css=&#8220;&#8220;][vc_column_text]Entscheiden Sie sich f\u00fcr ein Rendering-Erlebnis, bei dem Transparenz, Zusammenarbeit und au\u00dfergew\u00f6hnliche Qualit\u00e4t im Vordergrund stehen.[\/vc_column_text][cesis_icon_paragraph i_choice=&#8220;image&#8220; image=&#8220;1042&#8243; image_size=&#8220;83&#8243; heading=&#8220;1. Consultation and Vision Sharing&#8220; heading_space=&#8220;10&#8243; text=&#8220;Wir beginnen mit einem ausf\u00fchrlichen Gespr\u00e4ch \u00fcber Ihr Projekt<br \/>\nund Ihre Ziele.&#8220; text_space=&#8220;39&#8243; heading_font=&#8220;main_font&#8220; heading_f_size=&#8220;22px&#8220; heading_t_transform=&#8220;none&#8220; el_class=&#8220;our-process-two&#8220;][\/cesis_icon_paragraph][cesis_icon_paragraph i_choice=&#8220;image&#8220; image=&#8220;1053&#8243; image_size=&#8220;83&#8243; heading=&#8220;2. 3D Modeling and Rendering&#8220; heading_space=&#8220;10&#8243; text=&#8220;Auf der Grundlage Ihrer Daten erstellt unser Team das 3D-Modell<br \/>\nund erste Renderings.&#8220; text_space=&#8220;39&#8243; heading_font=&#8220;main_font&#8220; heading_f_size=&#8220;22px&#8220; heading_t_transform=&#8220;none&#8220; el_class=&#8220;our-process-two&#8220;][\/cesis_icon_paragraph][cesis_icon_paragraph i_choice=&#8220;image&#8220; image=&#8220;1458&#8243; image_size=&#8220;83&#8243; heading=&#8220;3. Storytelling and Approval&#8220; heading_space=&#8220;10&#8243; text=&#8220;Inszenierung der Szenen und Korrekturphase<br \/>\nder Bilder mit Genehmigung.&#8220; text_space=&#8220;39&#8243; heading_font=&#8220;main_font&#8220; heading_f_size=&#8220;22px&#8220; heading_t_transform=&#8220;none&#8220; el_class=&#8220;our-process-two&#8220;][\/cesis_icon_paragraph][cesis_icon_paragraph i_choice=&#8220;image&#8220; image=&#8220;1058&#8243; image_size=&#8220;83&#8243; heading=&#8220;4. Production and Delivery&#8220; heading_space=&#8220;10&#8243; text=&#8220;Sobald Sie die Renderings genehmigt haben, werden wir<br \/>\nmit der Produktion und Lieferung beginnen.&#8220; text_space=&#8220;39&#8243; heading_font=&#8220;main_font&#8220; heading_f_size=&#8220;22px&#8220; heading_t_transform=&#8220;none&#8220; el_class=&#8220;our-process-two&#8220;][\/cesis_icon_paragraph][cesis_button button_text=&#8220;Get Estimate&#8220; link=&#8220;https:\/\/www.graphslinger.com\/get-estimate\/&#8220; button_size=&#8220;cesis_button_custom&#8220; button_width=&#8220;185px&#8220; button_height=&#8220;58px&#8220; button_radius=&#8220;40&#8243; use_icon=&#8220;yes&#8220; icon_pos=&#8220;cesis_button_icon_right&#8220; button_text_color=&#8220;#ffffff&#8220; button_bg_color=&#8220;#000000&#8243; h_button_bg_color=&#8220;#4f4f4f&#8220; button_f_size=&#8220;17px&#8220; button_f_weight=&#8220;900&#8243; button_t_transform=&#8220;none&#8220; icon=&#8220;fa-arrow-right2&#8243;][\/vc_column][vc_column width=&#8220;1\/2&#8243;][vc_single_image image=&#8220;1689&#8243; img_size=&#8220;full&#8220; css_animation=&#8220;fadeIn&#8220; css=&#8220;&#8220;][\/vc_column][\/vc_row]<\/p>\n<\/div>","protected":false},"excerpt":{"rendered":"<p>[vc_row full_width=&#8220;stretch_row&#8220; css=&#8220;.vc_custom_1697209014920{border-bottom-width: 1px !important;padding-top: 80px !important;border-bottom-color: rgba(0,0,0,0.1) !important;border-bottom-style: solid !important;}&#8220;][vc_column width=&#8220;2\/3&#8243;][vc_custom_heading text=&#8220;Our Process&#8220; font_container=&#8220;tag:h1|text_align:left&#8220; use_theme_fonts=&#8220;yes&#8220;][vc_column_text] Bei Graphslinger glauben wir an einen kooperativen Ansatz, um Ihre Designkonzepte zum Leben zu erwecken. Unser Prozess beginnt mit einem ausf\u00fchrlichen Gespr\u00e4ch, um Ihre Visionen und Ziele wirklich zu verstehen. Anschlie\u00dfend pr\u00fcfen wir die eingereichten Dateien sorgf\u00e4ltig und beginnen [&hellip;]<\/p>\n","protected":false},"author":1,"featured_media":0,"parent":0,"menu_order":0,"comment_status":"closed","ping_status":"closed","template":"","meta":{"footnotes":""},"class_list":["post-1597","page","type-page","status-publish","hentry"],"_links":{"self":[{"href":"https:\/\/www.graphslinger.com\/de\/wp-json\/wp\/v2\/pages\/1597","targetHints":{"allow":["GET"]}}],"collection":[{"href":"https:\/\/www.graphslinger.com\/de\/wp-json\/wp\/v2\/pages"}],"about":[{"href":"https:\/\/www.graphslinger.com\/de\/wp-json\/wp\/v2\/types\/page"}],"author":[{"embeddable":true,"href":"https:\/\/www.graphslinger.com\/de\/wp-json\/wp\/v2\/users\/1"}],"replies":[{"embeddable":true,"href":"https:\/\/www.graphslinger.com\/de\/wp-json\/wp\/v2\/comments?post=1597"}],"version-history":[{"count":8,"href":"https:\/\/www.graphslinger.com\/de\/wp-json\/wp\/v2\/pages\/1597\/revisions"}],"predecessor-version":[{"id":2776,"href":"https:\/\/www.graphslinger.com\/de\/wp-json\/wp\/v2\/pages\/1597\/revisions\/2776"}],"wp:attachment":[{"href":"https:\/\/www.graphslinger.com\/de\/wp-json\/wp\/v2\/media?parent=1597"}],"curies":[{"name":"wp","href":"https:\/\/api.w.org\/{rel}","templated":true}]}}