{"id":1587,"date":"2023-07-01T13:48:33","date_gmt":"2023-07-01T11:48:33","guid":{"rendered":"https:\/\/www.graphslinger.com\/verbinden-sie\/"},"modified":"2025-02-20T15:57:12","modified_gmt":"2025-02-20T14:57:12","slug":"connect","status":"publish","type":"page","link":"https:\/\/www.graphslinger.com\/de\/connect\/","title":{"rendered":"Connect"},"content":{"rendered":"<div class=\"wpb-content-wrapper\"><p>[vc_row full_width=&#8220;stretch_row&#8220; css=&#8220;.vc_custom_1697209014920{border-bottom-width: 1px !important;padding-top: 80px !important;border-bottom-color: rgba(0,0,0,0.1) !important;border-bottom-style: solid !important;}&#8220;][vc_column width=&#8220;2\/3&#8243;][vc_custom_heading text=&#8220;Connect&#8220; font_container=&#8220;tag:h1|text_align:left&#8220; use_theme_fonts=&#8220;yes&#8220;][vc_column_text]<\/p>\n<p style=\"text-align: left;\">Wir machen es Ihnen leicht, mit uns bei Graphslinger in Kontakt zu treten. Ob Sie soziale Medien, Telefon oder E-Mail bevorzugen, wir sind immer nur eine Nachricht entfernt. Erreichen Sie uns \u00fcber unsere Social-Media-Plattformen, rufen Sie uns an oder senden Sie uns eine E-Mail mit Ihrer Anfrage &#8211; unser Team ist bereit, Ihnen zu helfen.<\/p>\n<p style=\"text-align: left;\">F\u00fcr einen m\u00f6glichst genauen Kostenvoranschlag, der auf Ihre speziellen Projektanforderungen zugeschnitten ist, empfehlen wir Ihnen, unser praktisches Kontaktformular zu verwenden. Wenn Sie uns \u00fcber das Formular detaillierte Informationen \u00fcber Ihre Projektanforderungen zur Verf\u00fcgung stellen, k\u00f6nnen wir sicherstellen, dass der von uns erstellte Kostenvoranschlag auf Sie zugeschnitten ist und Ihren Vorstellungen entspricht.<\/p>\n<p>[\/vc_column_text][\/vc_column][vc_column width=&#8220;1\/3&#8243;][\/vc_column][\/vc_row][vc_row full_width=&#8220;stretch_row&#8220; css=&#8220;.vc_custom_1699367650540{border-top-width: 0px !important;padding-top: 65px !important;border-top-color: rgba(0,0,0,0.1) !important;border-top-style: solid !important;}&#8220;][vc_column width=&#8220;1\/2&#8243;][vc_column_text]\n<div class=\"wpcf7 no-js\" id=\"wpcf7-f940-o1\" lang=\"de-DE\" dir=\"ltr\" data-wpcf7-id=\"940\">\n<div class=\"screen-reader-response\"><p role=\"status\" aria-live=\"polite\" aria-atomic=\"true\"><\/p> <ul><\/ul><\/div>\n<form action=\"\/de\/wp-json\/wp\/v2\/pages\/1587#wpcf7-f940-o1\" method=\"post\" class=\"wpcf7-form init\" aria-label=\"Kontaktformular\" enctype=\"multipart\/form-data\" novalidate=\"novalidate\" data-status=\"init\">\n<fieldset class=\"hidden-fields-container\"><input type=\"hidden\" name=\"_wpcf7\" value=\"940\" \/><input type=\"hidden\" name=\"_wpcf7_version\" value=\"6.1.5\" \/><input type=\"hidden\" name=\"_wpcf7_locale\" value=\"de_DE\" \/><input type=\"hidden\" name=\"_wpcf7_unit_tag\" value=\"wpcf7-f940-o1\" \/><input type=\"hidden\" name=\"_wpcf7_container_post\" value=\"0\" \/><input type=\"hidden\" name=\"_wpcf7_posted_data_hash\" value=\"\" \/>\n<\/fieldset>\n<div class=\"wpb-content-wrapper\">\n\t<div class=\"vc_row wpb_row vc_row-fluid\" style=\"padding-bottom: 17px;\">\n\t\t<div class=\"wpb_column vc_column_container vc_col-sm-6\">\n\t\t\t<div class=\"vc_column-inner\">\n\t\t\t\t<p><span id=\"wpcf7-69e0ef2b3921c-wrapper\" class=\"wpcf7-form-control-wrap email-131-wrap\" style=\"display:none !important; visibility:hidden !important;\"><label for=\"wpcf7-69e0ef2b3921c-field\" class=\"hp-message\">Bitte lasse dieses Feld leer.<\/label><input id=\"wpcf7-69e0ef2b3921c-field\"  class=\"wpcf7-form-control wpcf7-text\" type=\"text\" name=\"email-131\" value=\"\" size=\"40\" tabindex=\"-1\" autocomplete=\"new-password\" \/><\/span><span class=\"wpcf7-form-control-wrap\" data-name=\"your-company\"><input size=\"40\" maxlength=\"400\" class=\"wpcf7-form-control wpcf7-text wpcf7-validates-as-required\" autocomplete=\"company\" aria-required=\"true\" aria-invalid=\"false\" placeholder=\"Company\" value=\"\" type=\"text\" name=\"your-company\" \/><\/span>\n\t\t\t\t<\/p>\n\t\t\t<\/div>\n\t\t<\/div>\n\t\t<div class=\"wpb_column vc_column_container vc_col-sm-6\">\n\t\t\t<div class=\"vc_column-inner\">\n\t\t\t\t<p><span class=\"wpcf7-form-control-wrap\" data-name=\"your-phone\"><input size=\"40\" maxlength=\"400\" class=\"wpcf7-form-control wpcf7-text\" autocomplete=\"name\" aria-invalid=\"false\" placeholder=\"Phone\" value=\"\" type=\"text\" name=\"your-phone\" \/><\/span>\n\t\t\t\t<\/p>\n\t\t\t<\/div>\n\t\t<\/div>\n\t<\/div>\n\t<div class=\"vc_row wpb_row vc_row-fluid\" style=\"padding-bottom: 17px;\">\n\t\t<div class=\"wpb_column vc_column_container vc_col-sm-6\">\n\t\t\t<div class=\"vc_column-inner\">\n\t\t\t\t<p><span class=\"wpcf7-form-control-wrap\" data-name=\"your-name\"><input size=\"40\" maxlength=\"400\" class=\"wpcf7-form-control wpcf7-text wpcf7-validates-as-required\" autocomplete=\"name\" aria-required=\"true\" aria-invalid=\"false\" placeholder=\"Name\" value=\"\" type=\"text\" name=\"your-name\" \/><\/span>\n\t\t\t\t<\/p>\n\t\t\t<\/div>\n\t\t<\/div>\n\t\t<div class=\"wpb_column vc_column_container vc_col-sm-6\">\n\t\t\t<div class=\"vc_column-inner\">\n\t\t\t\t<p><span class=\"wpcf7-form-control-wrap\" data-name=\"your-email\"><input size=\"40\" maxlength=\"400\" class=\"wpcf7-form-control wpcf7-email wpcf7-validates-as-required wpcf7-text wpcf7-validates-as-email\" autocomplete=\"email\" aria-required=\"true\" aria-invalid=\"false\" placeholder=\"Email\" value=\"\" type=\"email\" name=\"your-email\" \/><\/span>\n\t\t\t\t<\/p>\n\t\t\t<\/div>\n\t\t<\/div>\n\t<\/div>\n\t<div class=\"vc_row wpb_row vc_row-fluid\" style=\"padding-bottom: 17px;\">\n\t\t<div class=\"wpb_column vc_column_container vc_col-sm-6\">\n\t\t\t<div class=\"vc_column-inner\">\n\t\t\t\t<p><span class=\"wpcf7-form-control-wrap\" data-name=\"file-525\"><input size=\"40\" class=\"wpcf7-form-control wpcf7-file\" accept=\"audio\/*,video\/*,image\/*\" aria-invalid=\"false\" type=\"file\" name=\"file-525\" \/><\/span>\n\t\t\t\t<\/p>\n\t\t\t<\/div>\n\t\t<\/div>\n\t\t<div class=\"wpb_column vc_column_container vc_col-sm-6\">\n\t\t\t<div class=\"vc_column-inner\">\n\t\t\t\t<p><span class=\"wpcf7-form-control-wrap\" data-name=\"your-email-confirm\"><input size=\"40\" maxlength=\"400\" class=\"wpcf7-form-control wpcf7-text wpcf7-validates-as-required\" autocomplete=\"email\" aria-required=\"true\" aria-invalid=\"false\" placeholder=\"Confirm Email\" value=\"\" type=\"text\" name=\"your-email-confirm\" \/><\/span>\n\t\t\t\t<\/p>\n\t\t\t<\/div>\n\t\t<\/div>\n\t<\/div>\n\t<p><span class=\"wpcf7-form-control-wrap\" data-name=\"your-message\"><textarea cols=\"40\" rows=\"10\" maxlength=\"2000\" class=\"wpcf7-form-control wpcf7-textarea\" aria-invalid=\"false\" placeholder=\"Message\" name=\"your-message\"><\/textarea><\/span>\n\t<\/p>\n\t<div class=\"vc_row wpb_row vc_row-fluid\" style=\"padding-bottom: 17px;\">\n\t\t<div class=\"wpb_column vc_column_container vc_col-sm-12\">\n\t\t\t<div class=\"vc_column-inner\">\n\t\t\t\t<p><input class=\"wpcf7-form-control wpcf7-submit has-spinner\" type=\"submit\" value=\"Submit\" \/>\n\t\t\t\t<\/p>\n\t\t\t<\/div>\n\t\t<\/div>\n\t<\/div>\n<\/div><div class=\"wpcf7-response-output\" aria-hidden=\"true\"><\/div>\n<\/form>\n<\/div>\n[\/vc_column_text][\/vc_column][vc_column width=&#8220;1\/2&#8243;][vc_column_text font_size=&#8220;16px&#8220; font_color=&#8220;#5a5a5a&#8220;]Sind Sie bereit, Ihre Designideen zum Leben zu erwecken? Nehmen Sie noch heute \u00fcber den von Ihnen bevorzugten Kanal Kontakt mit uns auf und lassen Sie uns Ihre Konzepte in beeindruckende visuelle Darstellungen verwandeln.[\/vc_column_text][vc_row_inner equal_height=&#8220;yes&#8220; content_placement=&#8220;middle&#8220;][vc_column_inner offset=&#8220;vc_col-lg-6 vc_col-md-12&#8243; css=&#8220;.vc_custom_1697640164323{margin-bottom: 30px !important;}&#8220;][cesis_icon_paragraph link=&#8220;mailto:hello@graphslinger.com&#8220; i_size=&#8220;18&#8243; use_shape=&#8220;yes&#8220; i_bg_size=&#8220;42&#8243; heading=&#8220;E-Mail&#8220; heading_space=&#8220;5&#8243; text=&#8220;hello@graphslinger.com&#8220; text_space=&#8220;0&#8243; icon_color=&#8220;#ffffff&#8220; icon_bg_color=&#8220;#333333&#8243; h_icon_color=&#8220;#bbbbbb&#8220; h_icon_bg_color=&#8220;#222222&#8243; heading_color=&#8220;#8c8c8c&#8220; heading_h_color=&#8220;#aeb7c1&#8243; text_color=&#8220;#000000&#8243; heading_font=&#8220;custom&#8220; heading_google_fonts=&#8220;font_family:Fira%20Sans%3A300%2C300italic%2C400%2C400italic%2C500%2C500italic%2C700%2C700italic|font_style:400%20regular%3A400%3Anormal&#8220; heading_f_size=&#8220;11px&#8220; heading_l_height=&#8220;11px&#8220; heading_t_transform=&#8220;none&#8220; text_font=&#8220;custom&#8220; text_google_fonts=&#8220;font_family:Fira%20Sans%3A300%2C300italic%2C400%2C400italic%2C500%2C500italic%2C700%2C700italic&#8220; text_l_height=&#8220;14px&#8220; icon=&#8220;fa-mail&#8220; el_class=&#8220;align-vertical-center&#8220;][\/cesis_icon_paragraph][\/vc_column_inner][vc_column_inner offset=&#8220;vc_col-lg-6 vc_col-md-12&#8243; css=&#8220;.vc_custom_1697640199442{margin-bottom: 30px !important;}&#8220;][cesis_icon_paragraph link=&#8220;#&#8220; i_size=&#8220;18&#8243; use_shape=&#8220;yes&#8220; i_bg_size=&#8220;42&#8243; heading=&#8220;Anschrift&#8220; heading_space=&#8220;5&#8243; text=&#8220;Graphslinger Corp, 680 S Cache Street, Suite 100-8790 Jackson, WY 83001&#8243; text_space=&#8220;0&#8243; icon_color=&#8220;#ffffff&#8220; icon_bg_color=&#8220;#333333&#8243; h_icon_color=&#8220;#bbbbbb&#8220; h_icon_bg_color=&#8220;#222222&#8243; heading_color=&#8220;#8c8c8c&#8220; heading_h_color=&#8220;#aeb7c1&#8243; text_color=&#8220;#000000&#8243; heading_font=&#8220;custom&#8220; heading_google_fonts=&#8220;font_family:Fira%20Sans%3A300%2C300italic%2C400%2C400italic%2C500%2C500italic%2C700%2C700italic|font_style:400%20regular%3A400%3Anormal&#8220; heading_f_size=&#8220;11px&#8220; heading_l_height=&#8220;11px&#8220; heading_t_transform=&#8220;none&#8220; text_font=&#8220;custom&#8220; text_google_fonts=&#8220;font_family:Fira%20Sans%3A300%2C300italic%2C400%2C400italic%2C500%2C500italic%2C700%2C700italic&#8220; text_l_height=&#8220;14px&#8220; icon=&#8220;fa-map-marker&#8220; el_class=&#8220;align-vertical-center&#8220;][\/cesis_icon_paragraph][\/vc_column_inner][\/vc_row_inner][vc_row_inner equal_height=&#8220;yes&#8220; content_placement=&#8220;middle&#8220;][vc_column_inner offset=&#8220;vc_col-lg-6 vc_col-md-12&#8243; css=&#8220;.vc_custom_1697640164323{margin-bottom: 30px !important;}&#8220;][cesis_icon_paragraph link=&#8220;tel:+13072007351&#8243; i_size=&#8220;18&#8243; use_shape=&#8220;yes&#8220; i_bg_size=&#8220;42&#8243; heading=&#8220;F\u00fcr US-Kunden, verf\u00fcgbar von 6 bis 14 Uhr MST, Montag bis Freitag&#8220; heading_space=&#8220;5&#8243; text=&#8220;+1 307 200 7351&#8243; text_space=&#8220;0&#8243; icon_color=&#8220;#ffffff&#8220; icon_bg_color=&#8220;#333333&#8243; h_icon_color=&#8220;#bbbbbb&#8220; h_icon_bg_color=&#8220;#222222&#8243; heading_color=&#8220;#8c8c8c&#8220; heading_h_color=&#8220;#aeb7c1&#8243; text_color=&#8220;#000000&#8243; heading_font=&#8220;custom&#8220; heading_google_fonts=&#8220;font_family:Fira%20Sans%3A300%2C300italic%2C400%2C400italic%2C500%2C500italic%2C700%2C700italic|font_style:400%20regular%3A400%3Anormal&#8220; heading_f_size=&#8220;11px&#8220; heading_l_height=&#8220;11px&#8220; heading_t_transform=&#8220;none&#8220; text_font=&#8220;custom&#8220; text_google_fonts=&#8220;font_family:Fira%20Sans%3A300%2C300italic%2C400%2C400italic%2C500%2C500italic%2C700%2C700italic&#8220; text_l_height=&#8220;14px&#8220; icon=&#8220;fa-phone2&#8243; el_class=&#8220;align-vertical-center&#8220;][\/cesis_icon_paragraph][\/vc_column_inner][vc_column_inner offset=&#8220;vc_col-lg-6 vc_col-md-12&#8243; css=&#8220;.vc_custom_1697640199442{margin-bottom: 30px !important;}&#8220;][cesis_icon_paragraph link=&#8220;tel:+4971219819095&#8243; i_size=&#8220;18&#8243; use_shape=&#8220;yes&#8220; i_bg_size=&#8220;42&#8243; heading=&#8220;F\u00fcr EU-Kunden, verf\u00fcgbar von 9 bis 21 Uhr MEZ, Montag bis Freitag&#8220; heading_space=&#8220;5&#8243; text=&#8220;+49 07121 981 90 95&#8243; text_space=&#8220;0&#8243; icon_color=&#8220;#ffffff&#8220; icon_bg_color=&#8220;#333333&#8243; h_icon_color=&#8220;#bbbbbb&#8220; h_icon_bg_color=&#8220;#222222&#8243; heading_color=&#8220;#8c8c8c&#8220; heading_h_color=&#8220;#aeb7c1&#8243; text_color=&#8220;#000000&#8243; heading_font=&#8220;custom&#8220; heading_google_fonts=&#8220;font_family:Fira%20Sans%3A300%2C300italic%2C400%2C400italic%2C500%2C500italic%2C700%2C700italic|font_style:400%20regular%3A400%3Anormal&#8220; heading_f_size=&#8220;11px&#8220; heading_l_height=&#8220;11px&#8220; heading_t_transform=&#8220;none&#8220; text_font=&#8220;custom&#8220; text_google_fonts=&#8220;font_family:Fira%20Sans%3A300%2C300italic%2C400%2C400italic%2C500%2C500italic%2C700%2C700italic&#8220; text_l_height=&#8220;14px&#8220; icon=&#8220;fa-phone2&#8243; el_class=&#8220;align-vertical-center&#8220;][\/cesis_icon_paragraph][\/vc_column_inner][\/vc_row_inner][\/vc_column][\/vc_row][vc_row full_width=&#8220;stretch_row&#8220; css=&#8220;.vc_custom_1719329560123{border-top-width: 1px !important;padding-top: 65px !important;padding-bottom: 65px !important;border-top-style: solid !important;border-color: rgba(0,0,0,0.1) !important;}&#8220;][vc_column][vc_custom_heading text=&#8220;What Our Clients Are Saying&#8220; font_container=&#8220;tag:h2|font_size:46|text_align:center&#8220; google_fonts=&#8220;font_family:Fira%20Sans%3A300%2C300italic%2C400%2C400italic%2C500%2C500italic%2C700%2C700italic|font_style:700%20bold%20regular%3A700%3Anormal&#8220;][cesis_testimonials style=&#8220;cesis_tm_3&#8243; col=&#8220;2&#8243; testimonials=&#8220;%5B%7B%22image%22%3A%222861%22%2C%22author%22%3A%22Architekten%20Dausacker%20%26%20Wohlfarth%22%2C%22a_info%22%3A%22Rainer%20Dausacker%22%2C%22t_content%22%3A%22Schnell%2C%20zuverl%C3%A4ssig%20und%20flexibel!%20Gerne%20wieder!%22%2C%22layout%22%3A%22full%22%7D%2C%7B%22image%22%3A%222844%22%2C%22author%22%3A%22Jentz%20Bau%20GmbH%22%2C%22a_info%22%3A%22Robin%20Jentz%22%2C%22t_content%22%3A%22Wir%20waren%20rundum%20zufrieden%20mit%20der%20Umsetzung%20unserer%20Visualisierung%20f%C3%BCr%20zwei%20Mehrfamilienh%C3%A4user%20mit%2017%5CnWohneinheiten.%20Wichtig%20war%20uns%20nicht%20nur%20das%20Geb%C3%A4ude%2C%20sondern%20auch%20die%20Umgebung%20mit%20Fluss%20und%20Aussicht%2C%20welche%5Cnsehr%20gut%20umgesetzt%20wurde.%20Die%20Eigeninitiative%20in%20Bezug%20auf%20Ideen%20zur%20Visualisierung%20sowie%20die%20Umsetzung%20unserer%5CnW%C3%BCnsche%20und%20Ideen%20hat%20uns%20sehr%20gut%20gefallen.%20Wir%20werden%20die%20Firma%20Graphslinger%20wieder%20beauftragen.%22%2C%22layout%22%3A%22full%22%7D%2C%7B%22image%22%3A%222021%22%2C%22author%22%3A%22Architekten%20DHS%22%2C%22a_info%22%3A%22Markus%20Haug%22%2C%22t_content%22%3A%22Wir%20arbeiten%20immer%20gerne%20mit%20Herrn%20Bl%C3%A4ubaum%20zusammen%2C%20sehr%20unkompliziert%20und%20schnell.%5CnDie%20Ergebnisse%20der%20Visualisierungen%20konnten%20immer%20%C3%BCberzeugen!%22%2C%22layout%22%3A%22full%22%7D%2C%7B%22image%22%3A%222024%22%2C%22author%22%3A%22Hank%2BHirth%20Freie%20Architekten%22%2C%22a_info%22%3A%22J.%20Weippert%22%2C%22t_content%22%3A%22Schnell%2C%20pr%C3%A4zise%2C%20kundenorientiert%20und%20auf%20den%20Punkt%20gebracht.%22%2C%22layout%22%3A%22full%22%7D%2C%7B%22image%22%3A%222037%22%2C%22author%22%3A%22Fritschle%20GmbH%22%2C%22a_info%22%3A%22Hubert%20Kaiserauer%22%2C%22t_content%22%3A%22Wir%20haben%20mehrfach%20die%20Dienste%20f%C3%BCr%20unsere%20Projekte%20in%20Anspruch%20genommen%20und%20sind%20von%20der%20Qualit%C3%A4t%20der%20Renderings%5Cnund%20der%20kundenorientierten%20Arbeitsweise%20des%20B%C3%BCros%20%C3%BCberzeugt.%20Gerne%20werden%20wir%20auch%20bei%20weiteren%20Projekten%20mit%20dem%5CnTeam%20Graphslinger%20zusammenarbeiten.%22%2C%22layout%22%3A%22full%22%7D%2C%7B%22image%22%3A%222041%22%2C%22author%22%3A%22Hartmaier%20%2B%20Partner%20Architekten%22%2C%22a_info%22%3A%22Ralf%20Straub%22%2C%22t_content%22%3A%223D-Animation%20f%C3%BCr%20einen%20Wettbewerbsbeitrag%20perfekt%20umgesetzt!%20Wir%20sind%20jedes%20Mal%20begeistert%2C%20wenn%20wir%20die%20Animationen%20das%20erste%20mal%20sehen!%20Weiter%20so!%22%2C%22layout%22%3A%22full%22%7D%2C%7B%22image%22%3A%222045%22%2C%22author%22%3A%22Baugenossenschaft%20Pfullingen%22%2C%22a_info%22%3A%22Martin%20Grado%22%2C%22t_content%22%3A%22Claas%20hat%20auf%20eindrucksvolle%20Art%20und%20Weise%20unsere%20Visionen%2C%20Ideen%20und%20Vorgaben%20umgesetzt.%20Das%20Ergebnis%20waren%5CnVisualisierungen%2C%20die%20sich%20durch%20Kreativit%C3%A4t%20und%20Detailgenauigkeit%20auszeichnen.%20Die%20Auftr%C3%A4ge%20wurden%20immer%20schnell%20und%5Cnprofessionell%20erledigt.%20Jederzeit%20gerne%20wieder.%22%2C%22layout%22%3A%22full%22%7D%2C%7B%22image%22%3A%222147%22%2C%22author%22%3A%22Klo%C3%A9%20Architekten%20%2B%20Ingenieure%22%2C%22a_info%22%3A%22Gerhard%20Klo%C3%A9%22%2C%22t_content%22%3A%22Super%20Visualisierung%2C%20k%C3%B6nnte%20ne%20Fotografie%20sein%2C%20Danke%20Claas%22%2C%22layout%22%3A%22full%22%7D%2C%7B%22image%22%3A%222262%22%2C%22author%22%3A%22Keppler%20Architekten%22%2C%22a_info%22%3A%22Gerhard%20Keppler%22%2C%22t_content%22%3A%22Die%20Zusammenarbeit%20mit%20Herrn%20Bl%C3%A4ubaum%20ist%20immer%20sehr%20konstruktiv.%20Seine%20Darstellungen%20sind%20eine%20wertvolle%20Erg%C3%A4nzung%2FUnterst%C3%BCtzung%20unserer%20Entwurfsarbeit.%22%2C%22layout%22%3A%22full%22%7D%5D&#8220; nav_align=&#8220;cesis_owl_nav_center&#8220; scroll=&#8220;yes&#8220; speed=&#8220;10000&#8243; margin_top=&#8220;50&#8243;][\/vc_column][\/vc_row]<\/p>\n<\/div>","protected":false},"excerpt":{"rendered":"<p>[vc_row full_width=&#8220;stretch_row&#8220; css=&#8220;.vc_custom_1697209014920{border-bottom-width: 1px !important;padding-top: 80px !important;border-bottom-color: rgba(0,0,0,0.1) !important;border-bottom-style: solid !important;}&#8220;][vc_column width=&#8220;2\/3&#8243;][vc_custom_heading text=&#8220;Connect&#8220; font_container=&#8220;tag:h1|text_align:left&#8220; use_theme_fonts=&#8220;yes&#8220;][vc_column_text] Wir machen es Ihnen leicht, mit uns bei Graphslinger in Kontakt zu treten. Ob Sie soziale Medien, Telefon oder E-Mail bevorzugen, wir sind immer nur eine Nachricht entfernt. Erreichen Sie uns \u00fcber unsere Social-Media-Plattformen, rufen Sie uns an oder senden [&hellip;]<\/p>\n","protected":false},"author":1,"featured_media":0,"parent":0,"menu_order":0,"comment_status":"closed","ping_status":"closed","template":"","meta":{"footnotes":""},"class_list":["post-1587","page","type-page","status-publish","hentry"],"_links":{"self":[{"href":"https:\/\/www.graphslinger.com\/de\/wp-json\/wp\/v2\/pages\/1587","targetHints":{"allow":["GET"]}}],"collection":[{"href":"https:\/\/www.graphslinger.com\/de\/wp-json\/wp\/v2\/pages"}],"about":[{"href":"https:\/\/www.graphslinger.com\/de\/wp-json\/wp\/v2\/types\/page"}],"author":[{"embeddable":true,"href":"https:\/\/www.graphslinger.com\/de\/wp-json\/wp\/v2\/users\/1"}],"replies":[{"embeddable":true,"href":"https:\/\/www.graphslinger.com\/de\/wp-json\/wp\/v2\/comments?post=1587"}],"version-history":[{"count":6,"href":"https:\/\/www.graphslinger.com\/de\/wp-json\/wp\/v2\/pages\/1587\/revisions"}],"predecessor-version":[{"id":2873,"href":"https:\/\/www.graphslinger.com\/de\/wp-json\/wp\/v2\/pages\/1587\/revisions\/2873"}],"wp:attachment":[{"href":"https:\/\/www.graphslinger.com\/de\/wp-json\/wp\/v2\/media?parent=1587"}],"curies":[{"name":"wp","href":"https:\/\/api.w.org\/{rel}","templated":true}]}}